{"id":7859,"date":"2020-11-18T14:24:44","date_gmt":"2020-11-18T13:24:44","guid":{"rendered":"https:\/\/www.investintuscany.com\/?page_id=7859"},"modified":"2020-11-18T14:26:42","modified_gmt":"2020-11-18T13:26:42","slug":"referenzen","status":"publish","type":"page","link":"https:\/\/www.investintuscany.com\/de\/referenzen\/","title":{"rendered":"Referenzen"},"content":{"rendered":"<p>[et_pb_section fb_built=&#8220;1&#8243; fullwidth=&#8220;on&#8220; custom_padding_last_edited=&#8220;on|desktop&#8220; admin_label=&#8220;Sezione: incentivi&#8220; _builder_version=&#8220;3.22&#8243; background_color=&#8220;#2c2c35&#8243; custom_padding=&#8220;||22px||false|false&#8220; custom_padding_tablet=&#8220;50px|0|50px|0&#8243; custom_padding_phone=&#8220;&#8220; transparent_background=&#8220;off&#8220;][et_pb_fullwidth_header title=&#8220;Referenzen&#8220; text_orientation=&#8220;center&#8220; button_one_url=&#8220;\/resources-and-tools\/&#8220; admin_label=&#8220;Title: Incentives&#8220; _builder_version=&#8220;4.6.6&#8243; title_font=&#8220;||||||||&#8220; title_text_align=&#8220;center&#8220; title_text_color=&#8220;#ededed&#8220; title_font_size=&#8220;50px&#8220; subhead_font=&#8220;||on||&#8220; subhead_font_size=&#8220;20px&#8220; background_color=&#8220;rgba(255,255,255,0)&#8220; custom_button_one=&#8220;on&#8220; button_one_text_color=&#8220;#ffffff&#8220; button_one_bg_color=&#8220;#2c2c35&#8243; button_one_border_color=&#8220;#ffffff&#8220; button_one_font=&#8220;||||||||&#8220; button_one_icon=&#8220;%%19%%&#8220; button_one_icon_placement=&#8220;left&#8220; background_layout=&#8220;light&#8220; custom_padding=&#8220;90px||&#8220; hover_enabled=&#8220;0&#8243; button_one_letter_spacing_hover=&#8220;0&#8243; button_two_letter_spacing_hover=&#8220;0&#8243; button_one_text_size__hover_enabled=&#8220;off&#8220; button_two_text_size__hover_enabled=&#8220;off&#8220; button_one_text_color__hover_enabled=&#8220;on&#8220; button_two_text_color__hover_enabled=&#8220;off&#8220; button_one_border_width__hover_enabled=&#8220;off&#8220; button_two_border_width__hover_enabled=&#8220;off&#8220; button_one_border_color__hover_enabled=&#8220;off&#8220; button_two_border_color__hover_enabled=&#8220;off&#8220; button_one_border_radius__hover_enabled=&#8220;off&#8220; button_two_border_radius__hover_enabled=&#8220;off&#8220; button_one_letter_spacing__hover_enabled=&#8220;on&#8220; button_one_letter_spacing__hover=&#8220;0&#8243; button_two_letter_spacing__hover_enabled=&#8220;on&#8220; button_two_letter_spacing__hover=&#8220;0&#8243; button_one_bg_color__hover_enabled=&#8220;on&#8220; button_two_bg_color__hover_enabled=&#8220;off&#8220; button_one_text_color__hover=&#8220;#2c2c35&#8243; button_one_bg_color__hover=&#8220;#ededed&#8220; sticky_enabled=&#8220;0&#8243;]<\/p>\n<h3><span style=\"color: #ffffff;\">Ausl\u00e4ndischer Unternehmen, die Investitionen oder Firmenerweiterungen in der Toskana vorgenommen haben<\/span><\/h3>\n<p>[\/et_pb_fullwidth_header][\/et_pb_section][et_pb_section fb_built=&#8220;1&#8243; fullwidth=&#8220;on&#8220; custom_padding_last_edited=&#8220;on|desktop&#8220; admin_label=&#8220;Section&#8220; _builder_version=&#8220;3.22&#8243; custom_padding=&#8220;0px||0px|&#8220; custom_padding_tablet=&#8220;50px|0|50px|0&#8243; custom_padding_phone=&#8220;&#8220; transparent_background=&#8220;off&#8220; padding_mobile=&#8220;off&#8220;][\/et_pb_section][et_pb_section fb_built=&#8220;1&#8243; admin_label=&#8220;section&#8220; _builder_version=&#8220;3.22&#8243;][et_pb_row column_structure=&#8220;2_3,1_3&#8243; admin_label=&#8220;row&#8220; _builder_version=&#8220;3.25&#8243; background_size=&#8220;initial&#8220; background_position=&#8220;top_left&#8220; background_repeat=&#8220;repeat&#8220;][et_pb_column type=&#8220;2_3&#8243; _builder_version=&#8220;3.25&#8243; custom_padding=&#8220;|||&#8220; custom_padding__hover=&#8220;|||&#8220;][et_pb_video_slider controls_color=&#8220;light&#8220; admin_label=&#8220;Video Slider&#8220; _builder_version=&#8220;3.0.74&#8243;][et_pb_video_slider_item admin_title=&#8220;Rossi GE&#8220; src=&#8220;https:\/\/youtu.be\/ciBix8SW07Q&#8220; _builder_version=&#8220;3.0.47&#8243; show_image_overlay=&#8220;off&#8220;][\/et_pb_video_slider_item][et_pb_video_slider_item admin_title=&#8220;Lens&#8220; src=&#8220;https:\/\/youtu.be\/E9T19spBgzw&#8220; _builder_version=&#8220;3.0.47&#8243; show_image_overlay=&#8220;off&#8220;] [\/et_pb_video_slider_item][et_pb_video_slider_item admin_title=&#8220;Gilbarco&#8220; src=&#8220;https:\/\/youtu.be\/qOQ6nTvmAyE&#8220; _builder_version=&#8220;3.0.47&#8243; show_image_overlay=&#8220;off&#8220;] [\/et_pb_video_slider_item][et_pb_video_slider_item admin_title=&#8220;Sant&#8217;Anna&#8220; src=&#8220;https:\/\/youtu.be\/4OnCDWDtKpE&#8220; _builder_version=&#8220;3.0.47&#8243; show_image_overlay=&#8220;off&#8220;] [\/et_pb_video_slider_item][et_pb_video_slider_item admin_title=&#8220;Paper converting machine&#8220; src=&#8220;https:\/\/youtu.be\/A-ojVsilzsM&#8220; _builder_version=&#8220;3.0.47&#8243; show_image_overlay=&#8220;off&#8220;] [\/et_pb_video_slider_item][\/et_pb_video_slider][\/et_pb_column][et_pb_column type=&#8220;1_3&#8243; _builder_version=&#8220;3.25&#8243; custom_padding=&#8220;|||&#8220; custom_padding__hover=&#8220;|||&#8220;][et_pb_testimonial author=&#8220;Yasha Mitrotti&#8220; job_title=&#8220;CEO&#8220; company_name=&#8220;Biomerieux Italia Spa&#8220; portrait_url=&#8220;https:\/\/www.investintuscany.com\/wp-content\/uploads\/2015\/10\/YashaMitrottiCEOBiomerieux.jpg&#8220; admin_label=&#8220;Testimonial&#8220; _builder_version=&#8220;4.6.6&#8243; background_color=&#8220;#e7e7e7&#8243; background_size=&#8220;initial&#8220; background_position=&#8220;top_left&#8220; background_repeat=&#8220;repeat&#8220; hover_enabled=&#8220;0&#8243; use_border_color=&#8220;off&#8220; border_color=&#8220;#ffffff&#8220; border_style=&#8220;solid&#8220; portrait_border_radius=&#8220;90&#8243; sticky_enabled=&#8220;0&#8243;]Wir unterhalten gute Beziehungen zu vielen Institutionen in der Toskana, vor allem in Pisa und Florenz&#8230; Als unser Pr\u00e4sident, Herr Merieux, die Toskana entdeckte, hat er sich in diese Stadt verliebt&#8230; Florenz gilt im Ausland als eine der sch\u00f6nsten St\u00e4dte der Welt, und das spielt auch f\u00fcr unser Prestige als multinationales Unternehmen eine wichtige Rolle, wenn es darum geht, Menschen aus unterschiedlichen L\u00e4ndern nach Italien zu locken!<br \/>\nIn der F&#038;E-Abteilung haben wir sehr gute Partnerschaften mit Universit\u00e4ten aufgebaut. Bestimmte Teile der Instrumente, die wir hier in Florenz produzieren, werden weltweit exportiert&#8230; Ein weiterer Grund, warum wir unseren Standort nach Florenz verlagert haben, ist, dass wir hier im Umkreis von 100 km mehrere Firmen und Fachleute haben, die mit uns zusammenarbeiten.<\/p>\n<p>Die meisten unserer Anbieter kommen aus der Toskana. Es gibt jedoch auch einige in anderen Regionen in der N\u00e4he von Florenz&#8230; Daher ist die Stadt f\u00fcr mich auch unter \u00f6konomischen Gesichtspunkten ideal gelegen, weil ich die verschiedenen Kunden in den gr\u00f6\u00dften St\u00e4dten Italiens innerhalb von 2-3 Stunden erreichen kann&#8230;<br \/>\n[\/et_pb_testimonial][\/et_pb_column][\/et_pb_row][\/et_pb_section][et_pb_section fb_built=&#8220;1&#8243; _builder_version=&#8220;3.22&#8243; custom_padding=&#8220;0|0px|0|0px|false|false&#8220;][et_pb_row module_class=&#8220; et_pb_row_fullwidth&#8220; _builder_version=&#8220;3.25&#8243; width=&#8220;100%&#8220; width_tablet=&#8220;100%&#8220; width_phone=&#8220;&#8220; width_last_edited=&#8220;on|desktop&#8220; max_width=&#8220;100%&#8220; max_width_tablet=&#8220;100%&#8220; max_width_phone=&#8220;&#8220; max_width_last_edited=&#8220;on|desktop&#8220; custom_padding=&#8220;31.25px|0px|14px|0px|false|false&#8220; make_fullwidth=&#8220;on&#8220;][et_pb_column type=&#8220;4_4&#8243; _builder_version=&#8220;3.25&#8243; custom_padding=&#8220;|||&#8220; custom_padding__hover=&#8220;|||&#8220;][et_pb_divider _builder_version=&#8220;3.19.5&#8243; max_width=&#8220;85%&#8220; module_alignment=&#8220;center&#8220; custom_margin=&#8220;||-5px&#8220; custom_padding=&#8220;||0px&#8220;][\/et_pb_divider][et_pb_image src=&#8220;https:\/\/www.investintuscany.com\/wp-content\/uploads\/2019\/02\/loghi.png&#8220; align_tablet=&#8220;center&#8220; align_phone=&#8220;&#8220; align_last_edited=&#8220;on|desktop&#8220; _builder_version=&#8220;3.23&#8243; max_width=&#8220;50%&#8220; module_alignment=&#8220;center&#8220;][\/et_pb_image][\/et_pb_column][\/et_pb_row][\/et_pb_section]<\/p>\n","protected":false},"excerpt":{"rendered":"<p>Referenzen Ausl\u00e4ndischer Unternehmen, die Investitionen oder Firmenerweiterungen in der Toskana vorgenommen haben Wir unterhalten gute Beziehungen zu vielen Institutionen in der Toskana, vor allem in Pisa und Florenz&#8230; Als unser Pr\u00e4sident, Herr Merieux, die Toskana entdeckte, hat er sich in diese Stadt verliebt&#8230; Florenz gilt im Ausland als eine der sch\u00f6nsten St\u00e4dte der Welt, und [&hellip;]<\/p>\n","protected":false},"author":49,"featured_media":0,"parent":0,"menu_order":0,"comment_status":"closed","ping_status":"closed","template":"","meta":{"_et_pb_use_builder":"on","_et_pb_old_content":"","_et_gb_content_width":""},"yoast_head":"<!-- This site is optimized with the Yoast SEO plugin v19.1 - https:\/\/yoast.com\/wordpress\/plugins\/seo\/ -->\n<title>Referenzen - Invest in Tuscany<\/title>\n<meta name=\"robots\" content=\"index, follow, max-snippet:-1, max-image-preview:large, max-video-preview:-1\" \/>\n<link rel=\"canonical\" href=\"https:\/\/www.investintuscany.com\/de\/referenzen\/\" \/>\n<meta property=\"og:locale\" content=\"de_DE\" \/>\n<meta property=\"og:type\" content=\"article\" \/>\n<meta property=\"og:title\" content=\"Referenzen - Invest in Tuscany\" \/>\n<meta property=\"og:description\" content=\"Referenzen Ausl\u00e4ndischer Unternehmen, die Investitionen oder Firmenerweiterungen in der Toskana vorgenommen haben Wir unterhalten gute Beziehungen zu vielen Institutionen in der Toskana, vor allem in Pisa und Florenz&#8230; Als unser Pr\u00e4sident, Herr Merieux, die Toskana entdeckte, hat er sich in diese Stadt verliebt&#8230; Florenz gilt im Ausland als eine der sch\u00f6nsten St\u00e4dte der Welt, und [&hellip;]\" \/>\n<meta property=\"og:url\" content=\"https:\/\/www.investintuscany.com\/de\/referenzen\/\" \/>\n<meta property=\"og:site_name\" content=\"Invest in Tuscany\" \/>\n<meta property=\"article:publisher\" content=\"https:\/\/www.facebook.com\/investintuscany\" \/>\n<meta property=\"article:modified_time\" content=\"2020-11-18T13:26:42+00:00\" \/>\n<meta name=\"twitter:card\" content=\"summary\" \/>\n<script type=\"application\/ld+json\" class=\"yoast-schema-graph\">{\"@context\":\"https:\/\/schema.org\",\"@graph\":[{\"@type\":\"Organization\",\"@id\":\"https:\/\/www.investintuscany.com\/#organization\",\"name\":\"Invest in Tuscany - Region of Tuscany - Italy\",\"url\":\"https:\/\/www.investintuscany.com\/\",\"sameAs\":[\"https:\/\/www.linkedin.com\/company\/invest-in-tuscany\/\",\"https:\/\/www.instagram.com\/investintuscany\/\",\"https:\/\/www.youtube.com\/investintuscany\",\"https:\/\/x.com\/investintuscany\",\"https:\/\/www.facebook.com\/investintuscany\"],\"logo\":{\"@type\":\"ImageObject\",\"inLanguage\":\"de-DE\",\"@id\":\"https:\/\/www.investintuscany.com\/#\/schema\/logo\/image\/\",\"url\":\"https:\/\/www.investintuscany.com\/wp-content\/uploads\/2015\/06\/investintuscany-logo.png\",\"contentUrl\":\"https:\/\/www.investintuscany.com\/wp-content\/uploads\/2015\/06\/investintuscany-logo.png\",\"width\":381,\"height\":116,\"caption\":\"Invest in Tuscany - Region of Tuscany - Italy\"},\"image\":{\"@id\":\"https:\/\/www.investintuscany.com\/#\/schema\/logo\/image\/\"}},{\"@type\":\"WebSite\",\"@id\":\"https:\/\/www.investintuscany.com\/#website\",\"url\":\"https:\/\/www.investintuscany.com\/\",\"name\":\"Invest in Tuscany\",\"description\":\"Your key public partner for business in Tuscany\",\"publisher\":{\"@id\":\"https:\/\/www.investintuscany.com\/#organization\"},\"potentialAction\":[{\"@type\":\"SearchAction\",\"target\":{\"@type\":\"EntryPoint\",\"urlTemplate\":\"https:\/\/www.investintuscany.com\/?s={search_term_string}\"},\"query-input\":\"required name=search_term_string\"}],\"inLanguage\":\"de-DE\"},{\"@type\":\"WebPage\",\"@id\":\"https:\/\/www.investintuscany.com\/de\/referenzen\/#webpage\",\"url\":\"https:\/\/www.investintuscany.com\/de\/referenzen\/\",\"name\":\"Referenzen - Invest in Tuscany\",\"isPartOf\":{\"@id\":\"https:\/\/www.investintuscany.com\/#website\"},\"datePublished\":\"2020-11-18T13:24:44+00:00\",\"dateModified\":\"2020-11-18T13:26:42+00:00\",\"breadcrumb\":{\"@id\":\"https:\/\/www.investintuscany.com\/de\/referenzen\/#breadcrumb\"},\"inLanguage\":\"de-DE\",\"potentialAction\":[{\"@type\":\"ReadAction\",\"target\":[\"https:\/\/www.investintuscany.com\/de\/referenzen\/\"]}]},{\"@type\":\"BreadcrumbList\",\"@id\":\"https:\/\/www.investintuscany.com\/de\/referenzen\/#breadcrumb\",\"itemListElement\":[{\"@type\":\"ListItem\",\"position\":1,\"name\":\"Home\",\"item\":\"https:\/\/www.investintuscany.com\/de\/\"},{\"@type\":\"ListItem\",\"position\":2,\"name\":\"Referenzen\"}]}]}<\/script>\n<!-- \/ Yoast SEO plugin. -->","yoast_head_json":{"title":"Referenzen - Invest in Tuscany","robots":{"index":"index","follow":"follow","max-snippet":"max-snippet:-1","max-image-preview":"max-image-preview:large","max-video-preview":"max-video-preview:-1"},"canonical":"https:\/\/www.investintuscany.com\/de\/referenzen\/","og_locale":"de_DE","og_type":"article","og_title":"Referenzen - Invest in Tuscany","og_description":"Referenzen Ausl\u00e4ndischer Unternehmen, die Investitionen oder Firmenerweiterungen in der Toskana vorgenommen haben Wir unterhalten gute Beziehungen zu vielen Institutionen in der Toskana, vor allem in Pisa und Florenz&#8230; Als unser Pr\u00e4sident, Herr Merieux, die Toskana entdeckte, hat er sich in diese Stadt verliebt&#8230; Florenz gilt im Ausland als eine der sch\u00f6nsten St\u00e4dte der Welt, und [&hellip;]","og_url":"https:\/\/www.investintuscany.com\/de\/referenzen\/","og_site_name":"Invest in Tuscany","article_publisher":"https:\/\/www.facebook.com\/investintuscany","article_modified_time":"2020-11-18T13:26:42+00:00","twitter_card":"summary","schema":{"@context":"https:\/\/schema.org","@graph":[{"@type":"Organization","@id":"https:\/\/www.investintuscany.com\/#organization","name":"Invest in Tuscany - Region of Tuscany - Italy","url":"https:\/\/www.investintuscany.com\/","sameAs":["https:\/\/www.linkedin.com\/company\/invest-in-tuscany\/","https:\/\/www.instagram.com\/investintuscany\/","https:\/\/www.youtube.com\/investintuscany","https:\/\/x.com\/investintuscany","https:\/\/www.facebook.com\/investintuscany"],"logo":{"@type":"ImageObject","inLanguage":"de-DE","@id":"https:\/\/www.investintuscany.com\/#\/schema\/logo\/image\/","url":"https:\/\/www.investintuscany.com\/wp-content\/uploads\/2015\/06\/investintuscany-logo.png","contentUrl":"https:\/\/www.investintuscany.com\/wp-content\/uploads\/2015\/06\/investintuscany-logo.png","width":381,"height":116,"caption":"Invest in Tuscany - Region of Tuscany - Italy"},"image":{"@id":"https:\/\/www.investintuscany.com\/#\/schema\/logo\/image\/"}},{"@type":"WebSite","@id":"https:\/\/www.investintuscany.com\/#website","url":"https:\/\/www.investintuscany.com\/","name":"Invest in Tuscany","description":"Your key public partner for business in Tuscany","publisher":{"@id":"https:\/\/www.investintuscany.com\/#organization"},"potentialAction":[{"@type":"SearchAction","target":{"@type":"EntryPoint","urlTemplate":"https:\/\/www.investintuscany.com\/?s={search_term_string}"},"query-input":"required name=search_term_string"}],"inLanguage":"de-DE"},{"@type":"WebPage","@id":"https:\/\/www.investintuscany.com\/de\/referenzen\/#webpage","url":"https:\/\/www.investintuscany.com\/de\/referenzen\/","name":"Referenzen - Invest in Tuscany","isPartOf":{"@id":"https:\/\/www.investintuscany.com\/#website"},"datePublished":"2020-11-18T13:24:44+00:00","dateModified":"2020-11-18T13:26:42+00:00","breadcrumb":{"@id":"https:\/\/www.investintuscany.com\/de\/referenzen\/#breadcrumb"},"inLanguage":"de-DE","potentialAction":[{"@type":"ReadAction","target":["https:\/\/www.investintuscany.com\/de\/referenzen\/"]}]},{"@type":"BreadcrumbList","@id":"https:\/\/www.investintuscany.com\/de\/referenzen\/#breadcrumb","itemListElement":[{"@type":"ListItem","position":1,"name":"Home","item":"https:\/\/www.investintuscany.com\/de\/"},{"@type":"ListItem","position":2,"name":"Referenzen"}]}]}},"_links":{"self":[{"href":"https:\/\/www.investintuscany.com\/de\/wp-json\/wp\/v2\/pages\/7859"}],"collection":[{"href":"https:\/\/www.investintuscany.com\/de\/wp-json\/wp\/v2\/pages"}],"about":[{"href":"https:\/\/www.investintuscany.com\/de\/wp-json\/wp\/v2\/types\/page"}],"author":[{"embeddable":true,"href":"https:\/\/www.investintuscany.com\/de\/wp-json\/wp\/v2\/users\/49"}],"replies":[{"embeddable":true,"href":"https:\/\/www.investintuscany.com\/de\/wp-json\/wp\/v2\/comments?post=7859"}],"version-history":[{"count":4,"href":"https:\/\/www.investintuscany.com\/de\/wp-json\/wp\/v2\/pages\/7859\/revisions"}],"predecessor-version":[{"id":7864,"href":"https:\/\/www.investintuscany.com\/de\/wp-json\/wp\/v2\/pages\/7859\/revisions\/7864"}],"wp:attachment":[{"href":"https:\/\/www.investintuscany.com\/de\/wp-json\/wp\/v2\/media?parent=7859"}],"curies":[{"name":"wp","href":"https:\/\/api.w.org\/{rel}","templated":true}]}}