{"id":7830,"date":"2020-11-16T09:55:47","date_gmt":"2020-11-16T08:55:47","guid":{"rendered":"https:\/\/www.investintuscany.com\/?page_id=7830"},"modified":"2020-11-16T11:08:26","modified_gmt":"2020-11-16T10:08:26","slug":"ressourcen-tools","status":"publish","type":"page","link":"https:\/\/www.investintuscany.com\/de\/ressourcen-tools\/","title":{"rendered":"Ressourcen-Tools"},"content":{"rendered":"<p>[et_pb_section fb_built=&#8220;1&#8243; fullwidth=&#8220;on&#8220; _builder_version=&#8220;3.22&#8243; custom_margin=&#8220;||&#8220; custom_padding=&#8220;0px|0|0|0px|false|false&#8220;][et_pb_fullwidth_slider _builder_version=&#8220;4.5.1&#8243; header_level=&#8220;h1&#8243; header_font=&#8220;|300|||||||&#8220; header_text_align=&#8220;left&#8220; header_font_size=&#8220;67px&#8220; body_font=&#8220;||||||||&#8220; body_font_size=&#8220;25px&#8220; background_color_gradient_direction=&#8220;137deg&#8220; text_orientation=&#8220;left&#8220; custom_margin=&#8220;||&#8220; custom_padding=&#8220;|||&#8220; custom_padding_tablet=&#8220;&#8220; custom_padding_phone=&#8220;||&#8220; custom_padding_last_edited=&#8220;on|phone&#8220;][et_pb_slide use_bg_overlay=&#8220;on&#8220; bg_overlay_color=&#8220;rgba(0,0,0,0.12)&#8220; use_text_overlay=&#8220;off&#8220; _builder_version=&#8220;4.5.1&#8243; header_level=&#8220;h1&#8243; header_font=&#8220;|300|||||||&#8220; header_font_size=&#8220;32px&#8220; body_font=&#8220;||||||||&#8220; body_font_size=&#8220;24px&#8220; background_image=&#8220;https:\/\/www.investintuscany.com\/wp-content\/uploads\/2019\/01\/resources-invest-in-tuscany.jpg&#8220; parallax=&#8220;on&#8220; custom_button=&#8220;on&#8220; button_text_size=&#8220;16px&#8220; button_text_color=&#8220;#ffffff&#8220; button_border_width=&#8220;1px&#8220; button_border_radius=&#8220;100px&#8220; button_letter_spacing=&#8220;0px&#8220; button_font=&#8220;||||||||&#8220; button_icon_placement=&#8220;left&#8220; button_on_hover=&#8220;on&#8220; text_orientation=&#8220;left&#8220; custom_padding=&#8220;20%|0%|30%|0%&#8220; custom_css_slide_container=&#8220;transform: translatex(30px) all .3s ease-in-out;||&#8220; custom_css_slide_button=&#8220;display: none;&#8220; sticky_transition=&#8220;on&#8220;]<\/p>\n<h1 class=\"et_pb_module_header\" style=\"text-align: center;\">Resources &amp; tools<\/h1>\n<p>[\/et_pb_slide][\/et_pb_fullwidth_slider][\/et_pb_section][et_pb_section fb_built=&#8220;1&#8243; _builder_version=&#8220;3.22&#8243; custom_margin=&#8220;0px|0px|0px|0px&#8220; custom_margin_tablet=&#8220;&#8220; custom_margin_phone=&#8220;&#8220; custom_margin_last_edited=&#8220;on|desktop&#8220; custom_padding=&#8220;39px|0px|0px|0px|false|false&#8220;][et_pb_row column_structure=&#8220;1_2,1_2&#8243; module_class=&#8220; et_pb_row_fullwidth&#8220; _builder_version=&#8220;3.25&#8243; width=&#8220;100%&#8220; width_tablet=&#8220;100%&#8220; width_phone=&#8220;&#8220; width_last_edited=&#8220;on|desktop&#8220; max_width=&#8220;100%&#8220; max_width_tablet=&#8220;100%&#8220; max_width_phone=&#8220;&#8220; max_width_last_edited=&#8220;on|desktop&#8220; custom_padding=&#8220;5%||6.8%|5%|false|false&#8220; make_fullwidth=&#8220;on&#8220;][et_pb_column type=&#8220;1_2&#8243; _builder_version=&#8220;3.25&#8243; custom_padding=&#8220;|||&#8220; custom_padding__hover=&#8220;|||&#8220;][et_pb_text _builder_version=&#8220;4.6.6&#8243; text_font=&#8220;||||||||&#8220; link_font=&#8220;||||||||&#8220; header_font=&#8220;||||||||&#8220; header_line_height=&#8220;1.4em&#8220; header_2_font=&#8220;||||||||&#8220; custom_padding=&#8220;|15%||&#8220; animation_style=&#8220;slide&#8220; animation_direction=&#8220;left&#8220; animation_intensity_slide=&#8220;4%&#8220; hover_enabled=&#8220;0&#8243; sticky_enabled=&#8220;0&#8243;]<\/p>\n<h2><span>N\u00fctzliche Leitf\u00e4den und Tipps f\u00fcr den Zugang zur toskanischen Gesch\u00e4ftswelt<\/span><\/h2>\n<p>&nbsp;<\/p>\n<p>\u201eInvest in Tuscany\u201c begleitet Investoren bei der Aufnahme und Erweiterung ihrer Gesch\u00e4ftst\u00e4tigkeiten in der Region, indem das Netzwerk eine Hilfestellung und umfangreiche Informationen zu allen Aspekten der Unternehmensgr\u00fcndung bzw. der Planung von Investitionen in der Toskana anbietet. Dabei werden die Erkundungen \u00fcber Unternehmen, Projekte sowie spezifische Informationsanfragen selbstverst\u00e4ndlich vertraulich behandelt.<\/p>\n<p>[\/et_pb_text][\/et_pb_column][et_pb_column type=&#8220;1_2&#8243; _builder_version=&#8220;3.25&#8243; custom_padding=&#8220;|||&#8220; custom_padding__hover=&#8220;|||&#8220;][\/et_pb_column][\/et_pb_row][\/et_pb_section][et_pb_section fb_built=&#8220;1&#8243; _builder_version=&#8220;3.22&#8243; custom_margin=&#8220;||-27px&#8220; custom_padding=&#8220;0|0px|0px|0px|false|false&#8220; saved_tabs=&#8220;all&#8220;][et_pb_row module_class=&#8220; et_pb_row_fullwidth&#8220; _builder_version=&#8220;3.25&#8243; width=&#8220;100%&#8220; width_tablet=&#8220;100%&#8220; width_phone=&#8220;&#8220; width_last_edited=&#8220;on|desktop&#8220; max_width=&#8220;100%&#8220; max_width_tablet=&#8220;100%&#8220; max_width_phone=&#8220;&#8220; max_width_last_edited=&#8220;on|desktop&#8220; custom_padding=&#8220;0|0px|0|0px|false|false&#8220; make_fullwidth=&#8220;on&#8220;][et_pb_column type=&#8220;4_4&#8243; _builder_version=&#8220;3.25&#8243; custom_padding=&#8220;|||&#8220; custom_padding__hover=&#8220;|||&#8220;][et_pb_filterable_portfolio fullwidth=&#8220;off&#8220; include_categories=&#8220;24,25,26&#8243; show_categories=&#8220;off&#8220; show_pagination=&#8220;off&#8220; zoom_icon_color=&#8220;rgba(0,0,0,0)&#8220; hover_overlay_color=&#8220;rgba(255,255,255,0.12)&#8220; _builder_version=&#8220;3.19.5&#8243; title_font=&#8220;||||||||&#8220; title_text_color=&#8220;#ededed&#8220; filter_font=&#8220;||||||||&#8220; background_color=&#8220;#3d4047&#8243; text_orientation=&#8220;center&#8220; custom_padding=&#8220;46px||&#8220; hover_enabled=&#8220;0&#8243; custom_css_main_element=&#8220;position: relative;||clear: both;||&#8220; custom_css_portfolio_image=&#8220;position: absolute;||&#8220; custom_css_overlay=&#8220;position: absolute;&#8220; custom_css_portfolio_title=&#8220;    margin: 0 auto;||    padding-top: 32%;||    padding-bottom: 32%;||    position: relative;||    background-color: #2c2c35;||    border: 1px solid #494c53;&#8220; custom_css_portfolio_title__hover_enabled=&#8220;on&#8220; custom_css_portfolio_title__hover=&#8220; background-color: #494c53;&#8220; sticky_enabled=&#8220;0&#8243;][\/et_pb_filterable_portfolio][\/et_pb_column][\/et_pb_row][\/et_pb_section][et_pb_section fb_built=&#8220;1&#8243; _builder_version=&#8220;3.22&#8243; custom_padding=&#8220;0|0px|0|0px|false|false&#8220;][et_pb_row module_class=&#8220; et_pb_row_fullwidth&#8220; _builder_version=&#8220;3.25&#8243; width=&#8220;100%&#8220; width_tablet=&#8220;100%&#8220; width_phone=&#8220;&#8220; width_last_edited=&#8220;on|desktop&#8220; max_width=&#8220;100%&#8220; max_width_tablet=&#8220;100%&#8220; max_width_phone=&#8220;&#8220; max_width_last_edited=&#8220;on|desktop&#8220; custom_padding=&#8220;31.25px|0px|0|0px|false|false&#8220; make_fullwidth=&#8220;on&#8220;][et_pb_column type=&#8220;4_4&#8243; _builder_version=&#8220;3.25&#8243; custom_padding=&#8220;|||&#8220; custom_padding__hover=&#8220;|||&#8220;][et_pb_image src=&#8220;https:\/\/www.investintuscany.com\/wp-content\/uploads\/2019\/02\/loghi.png&#8220; align_tablet=&#8220;center&#8220; align_phone=&#8220;&#8220; align_last_edited=&#8220;on|desktop&#8220; _builder_version=&#8220;3.23&#8243; max_width=&#8220;50%&#8220; module_alignment=&#8220;center&#8220;][\/et_pb_image][\/et_pb_column][\/et_pb_row][\/et_pb_section]<\/p>\n","protected":false},"excerpt":{"rendered":"<p>Resources &amp; tools N\u00fctzliche Leitf\u00e4den und Tipps f\u00fcr den Zugang zur toskanischen Gesch\u00e4ftswelt &nbsp; \u201eInvest in Tuscany\u201c begleitet Investoren bei der Aufnahme und Erweiterung ihrer Gesch\u00e4ftst\u00e4tigkeiten in der Region, indem das Netzwerk eine Hilfestellung und umfangreiche Informationen zu allen Aspekten der Unternehmensgr\u00fcndung bzw. der Planung von Investitionen in der Toskana anbietet. Dabei werden die Erkundungen [&hellip;]<\/p>\n","protected":false},"author":49,"featured_media":0,"parent":0,"menu_order":0,"comment_status":"closed","ping_status":"closed","template":"","meta":{"_et_pb_use_builder":"on","_et_pb_old_content":"","_et_gb_content_width":""},"yoast_head":"<!-- This site is optimized with the Yoast SEO plugin v19.1 - https:\/\/yoast.com\/wordpress\/plugins\/seo\/ -->\n<title>Ressourcen-Tools - Invest in Tuscany<\/title>\n<meta name=\"robots\" content=\"index, follow, max-snippet:-1, max-image-preview:large, max-video-preview:-1\" \/>\n<link rel=\"canonical\" href=\"https:\/\/www.investintuscany.com\/de\/ressourcen-tools\/\" \/>\n<meta property=\"og:locale\" content=\"de_DE\" \/>\n<meta property=\"og:type\" content=\"article\" \/>\n<meta property=\"og:title\" content=\"Ressourcen-Tools - Invest in Tuscany\" \/>\n<meta property=\"og:description\" content=\"Resources &amp; tools N\u00fctzliche Leitf\u00e4den und Tipps f\u00fcr den Zugang zur toskanischen Gesch\u00e4ftswelt &nbsp; \u201eInvest in Tuscany\u201c begleitet Investoren bei der Aufnahme und Erweiterung ihrer Gesch\u00e4ftst\u00e4tigkeiten in der Region, indem das Netzwerk eine Hilfestellung und umfangreiche Informationen zu allen Aspekten der Unternehmensgr\u00fcndung bzw. der Planung von Investitionen in der Toskana anbietet. Dabei werden die Erkundungen [&hellip;]\" \/>\n<meta property=\"og:url\" content=\"https:\/\/www.investintuscany.com\/de\/ressourcen-tools\/\" \/>\n<meta property=\"og:site_name\" content=\"Invest in Tuscany\" \/>\n<meta property=\"article:publisher\" content=\"https:\/\/www.facebook.com\/investintuscany\" \/>\n<meta property=\"article:modified_time\" content=\"2020-11-16T10:08:26+00:00\" \/>\n<meta name=\"twitter:card\" content=\"summary\" \/>\n<script type=\"application\/ld+json\" class=\"yoast-schema-graph\">{\"@context\":\"https:\/\/schema.org\",\"@graph\":[{\"@type\":\"Organization\",\"@id\":\"https:\/\/www.investintuscany.com\/#organization\",\"name\":\"Invest in Tuscany - Region of Tuscany - Italy\",\"url\":\"https:\/\/www.investintuscany.com\/\",\"sameAs\":[\"https:\/\/www.linkedin.com\/company\/invest-in-tuscany\/\",\"https:\/\/www.instagram.com\/investintuscany\/\",\"https:\/\/www.youtube.com\/investintuscany\",\"https:\/\/x.com\/investintuscany\",\"https:\/\/www.facebook.com\/investintuscany\"],\"logo\":{\"@type\":\"ImageObject\",\"inLanguage\":\"de-DE\",\"@id\":\"https:\/\/www.investintuscany.com\/#\/schema\/logo\/image\/\",\"url\":\"https:\/\/www.investintuscany.com\/wp-content\/uploads\/2015\/06\/investintuscany-logo.png\",\"contentUrl\":\"https:\/\/www.investintuscany.com\/wp-content\/uploads\/2015\/06\/investintuscany-logo.png\",\"width\":381,\"height\":116,\"caption\":\"Invest in Tuscany - Region of Tuscany - Italy\"},\"image\":{\"@id\":\"https:\/\/www.investintuscany.com\/#\/schema\/logo\/image\/\"}},{\"@type\":\"WebSite\",\"@id\":\"https:\/\/www.investintuscany.com\/#website\",\"url\":\"https:\/\/www.investintuscany.com\/\",\"name\":\"Invest in Tuscany\",\"description\":\"Your key public partner for business in Tuscany\",\"publisher\":{\"@id\":\"https:\/\/www.investintuscany.com\/#organization\"},\"potentialAction\":[{\"@type\":\"SearchAction\",\"target\":{\"@type\":\"EntryPoint\",\"urlTemplate\":\"https:\/\/www.investintuscany.com\/?s={search_term_string}\"},\"query-input\":\"required name=search_term_string\"}],\"inLanguage\":\"de-DE\"},{\"@type\":\"WebPage\",\"@id\":\"https:\/\/www.investintuscany.com\/de\/ressourcen-tools\/#webpage\",\"url\":\"https:\/\/www.investintuscany.com\/de\/ressourcen-tools\/\",\"name\":\"Ressourcen-Tools - Invest in Tuscany\",\"isPartOf\":{\"@id\":\"https:\/\/www.investintuscany.com\/#website\"},\"datePublished\":\"2020-11-16T08:55:47+00:00\",\"dateModified\":\"2020-11-16T10:08:26+00:00\",\"breadcrumb\":{\"@id\":\"https:\/\/www.investintuscany.com\/de\/ressourcen-tools\/#breadcrumb\"},\"inLanguage\":\"de-DE\",\"potentialAction\":[{\"@type\":\"ReadAction\",\"target\":[\"https:\/\/www.investintuscany.com\/de\/ressourcen-tools\/\"]}]},{\"@type\":\"BreadcrumbList\",\"@id\":\"https:\/\/www.investintuscany.com\/de\/ressourcen-tools\/#breadcrumb\",\"itemListElement\":[{\"@type\":\"ListItem\",\"position\":1,\"name\":\"Home\",\"item\":\"https:\/\/www.investintuscany.com\/de\/\"},{\"@type\":\"ListItem\",\"position\":2,\"name\":\"Ressourcen-Tools\"}]}]}<\/script>\n<!-- \/ Yoast SEO plugin. -->","yoast_head_json":{"title":"Ressourcen-Tools - Invest in Tuscany","robots":{"index":"index","follow":"follow","max-snippet":"max-snippet:-1","max-image-preview":"max-image-preview:large","max-video-preview":"max-video-preview:-1"},"canonical":"https:\/\/www.investintuscany.com\/de\/ressourcen-tools\/","og_locale":"de_DE","og_type":"article","og_title":"Ressourcen-Tools - Invest in Tuscany","og_description":"Resources &amp; tools N\u00fctzliche Leitf\u00e4den und Tipps f\u00fcr den Zugang zur toskanischen Gesch\u00e4ftswelt &nbsp; \u201eInvest in Tuscany\u201c begleitet Investoren bei der Aufnahme und Erweiterung ihrer Gesch\u00e4ftst\u00e4tigkeiten in der Region, indem das Netzwerk eine Hilfestellung und umfangreiche Informationen zu allen Aspekten der Unternehmensgr\u00fcndung bzw. der Planung von Investitionen in der Toskana anbietet. Dabei werden die Erkundungen [&hellip;]","og_url":"https:\/\/www.investintuscany.com\/de\/ressourcen-tools\/","og_site_name":"Invest in Tuscany","article_publisher":"https:\/\/www.facebook.com\/investintuscany","article_modified_time":"2020-11-16T10:08:26+00:00","twitter_card":"summary","schema":{"@context":"https:\/\/schema.org","@graph":[{"@type":"Organization","@id":"https:\/\/www.investintuscany.com\/#organization","name":"Invest in Tuscany - Region of Tuscany - Italy","url":"https:\/\/www.investintuscany.com\/","sameAs":["https:\/\/www.linkedin.com\/company\/invest-in-tuscany\/","https:\/\/www.instagram.com\/investintuscany\/","https:\/\/www.youtube.com\/investintuscany","https:\/\/x.com\/investintuscany","https:\/\/www.facebook.com\/investintuscany"],"logo":{"@type":"ImageObject","inLanguage":"de-DE","@id":"https:\/\/www.investintuscany.com\/#\/schema\/logo\/image\/","url":"https:\/\/www.investintuscany.com\/wp-content\/uploads\/2015\/06\/investintuscany-logo.png","contentUrl":"https:\/\/www.investintuscany.com\/wp-content\/uploads\/2015\/06\/investintuscany-logo.png","width":381,"height":116,"caption":"Invest in Tuscany - Region of Tuscany - Italy"},"image":{"@id":"https:\/\/www.investintuscany.com\/#\/schema\/logo\/image\/"}},{"@type":"WebSite","@id":"https:\/\/www.investintuscany.com\/#website","url":"https:\/\/www.investintuscany.com\/","name":"Invest in Tuscany","description":"Your key public partner for business in Tuscany","publisher":{"@id":"https:\/\/www.investintuscany.com\/#organization"},"potentialAction":[{"@type":"SearchAction","target":{"@type":"EntryPoint","urlTemplate":"https:\/\/www.investintuscany.com\/?s={search_term_string}"},"query-input":"required name=search_term_string"}],"inLanguage":"de-DE"},{"@type":"WebPage","@id":"https:\/\/www.investintuscany.com\/de\/ressourcen-tools\/#webpage","url":"https:\/\/www.investintuscany.com\/de\/ressourcen-tools\/","name":"Ressourcen-Tools - Invest in Tuscany","isPartOf":{"@id":"https:\/\/www.investintuscany.com\/#website"},"datePublished":"2020-11-16T08:55:47+00:00","dateModified":"2020-11-16T10:08:26+00:00","breadcrumb":{"@id":"https:\/\/www.investintuscany.com\/de\/ressourcen-tools\/#breadcrumb"},"inLanguage":"de-DE","potentialAction":[{"@type":"ReadAction","target":["https:\/\/www.investintuscany.com\/de\/ressourcen-tools\/"]}]},{"@type":"BreadcrumbList","@id":"https:\/\/www.investintuscany.com\/de\/ressourcen-tools\/#breadcrumb","itemListElement":[{"@type":"ListItem","position":1,"name":"Home","item":"https:\/\/www.investintuscany.com\/de\/"},{"@type":"ListItem","position":2,"name":"Ressourcen-Tools"}]}]}},"_links":{"self":[{"href":"https:\/\/www.investintuscany.com\/de\/wp-json\/wp\/v2\/pages\/7830"}],"collection":[{"href":"https:\/\/www.investintuscany.com\/de\/wp-json\/wp\/v2\/pages"}],"about":[{"href":"https:\/\/www.investintuscany.com\/de\/wp-json\/wp\/v2\/types\/page"}],"author":[{"embeddable":true,"href":"https:\/\/www.investintuscany.com\/de\/wp-json\/wp\/v2\/users\/49"}],"replies":[{"embeddable":true,"href":"https:\/\/www.investintuscany.com\/de\/wp-json\/wp\/v2\/comments?post=7830"}],"version-history":[{"count":4,"href":"https:\/\/www.investintuscany.com\/de\/wp-json\/wp\/v2\/pages\/7830\/revisions"}],"predecessor-version":[{"id":7835,"href":"https:\/\/www.investintuscany.com\/de\/wp-json\/wp\/v2\/pages\/7830\/revisions\/7835"}],"wp:attachment":[{"href":"https:\/\/www.investintuscany.com\/de\/wp-json\/wp\/v2\/media?parent=7830"}],"curies":[{"name":"wp","href":"https:\/\/api.w.org\/{rel}","templated":true}]}}